{"id":330,"date":"2023-12-24T14:29:16","date_gmt":"2023-12-24T14:29:16","guid":{"rendered":"https:\/\/gesiresconsulting.com\/?page_id=330"},"modified":"2023-12-25T17:46:53","modified_gmt":"2023-12-25T17:46:53","slug":"asesoria-en-inspecciones","status":"publish","type":"page","link":"https:\/\/gesiresconsulting.com\/?page_id=330","title":{"rendered":"ASESOR\u00cdA EN INSPECCIONES"},"content":{"rendered":"<p>A <strong>TODO EL MUNDO<\/strong> le van bien las <strong>INSPECCIONES<\/strong> hasta que se paran a leer el acta de inspecci\u00f3n con detenimiento&#8230;<\/p>\n<p>Este es un tema bastante espinoso, dependiendo tambi\u00e9n en la Comunidad Aut\u00f3noma en la que te encuentres. Como trabajamos con m\u00e1s de 100 residencias en todo el territorio espa\u00f1ol, podemos decirte que, as\u00ed como en la Comunidad de Madrid se identifican bien los puntos a subsanar en una acta de inspecci\u00f3n, en Catalu\u00f1a (por ejemplo) simplemente indican un art\u00edculo de una norma determinada (Ley 12\/2007, de 11 de octubre, de Servicios Sociales) para \u201cmeter unas sanciones que quitan el hipo\u201d.<\/p>\n<p>Adem\u00e1s, nos encontramos con verdaderos disparates escritos por la Administraci\u00f3n, citando art\u00edculos que nada tienen que ver con la supuesta comisi\u00f3n de falta, por parte de la Residencia Geri\u00e1trica o Centro de D\u00eda.<\/p>\n<p>De todas maneras, siempre recomendamos que firmes el acta de inspecci\u00f3n como \u201cno conforme\u201d porque ten en cuenta que ese acta tiene <strong>VALOR PROBATORIO<\/strong> y que, por lo tanto, si firmas estando de acuerdo, estar\u00e1s de acuerdo con todas las \u201cbarbaridades\u201d que pueda llegar a indicar dicho acta.<\/p>\n<p>Ten en cuenta, adem\u00e1s, que dispondr\u00e1s de una serie de d\u00edas h\u00e1biles (entre 10 y 15 en funci\u00f3n de tu Comunidad aut\u00f3noma) para poder responder a ese acta mediante unas <strong>ALEGACIONES<\/strong>. Te recomendamos encarecidamente que hagas SIEMPRE unas alegaciones, porque si te viene despu\u00e9s una propuesta de sanci\u00f3n a tu Residencia Geri\u00e1trica o Centro de D\u00eda, estar\u00e1s en una situaci\u00f3n comprometida.<\/p>\n<p>De todas maneras, siempre deber\u00e1s tener cuidado con 4 puntos esenciales:<\/p>\n<ul>\n<li>Plan de mediaci\u00f3n.<\/li>\n<li>Contenciones f\u00edsicas y qu\u00edmicas.<\/li>\n<li>Ca\u00eddas.<\/li>\n<li>Men\u00fas (con su aportaci\u00f3n nutricional y debidamente revisados)<\/li>\n<\/ul>\n<p>Teniendo estos puntos bajo control, el resto suele ser m\u00e1s sencillo\u2026<\/p>\n\n\n<div class=\"wp-block-columns is-layout-flex wp-container-core-columns-is-layout-9d6595d7 wp-block-columns-is-layout-flex\">\n<div class=\"wp-block-column is-layout-flow wp-block-column-is-layout-flow\"><\/div>\n\n\n\n<div class=\"wp-block-column is-layout-flow wp-block-column-is-layout-flow\">\n<div class=\"wp-block-buttons is-layout-flex wp-block-buttons-is-layout-flex\">\n<div class=\"wp-block-button\"><a class=\"wp-block-button__link wp-element-button\" href=\"https:\/\/gesiresconsulting.com\/?page_id=127\">Contacta con nosotros<\/a><\/div>\n<\/div>\n<\/div>\n\n\n\n<div class=\"wp-block-column is-layout-flow wp-block-column-is-layout-flow\"><\/div>\n<\/div>\n","protected":false},"excerpt":{"rendered":"<p>A TODO EL MUNDO le van bien las INSPECCIONES hasta que se paran a leer el acta de inspecci\u00f3n con detenimiento&#8230; Este es un tema bastante espinoso, dependiendo tambi\u00e9n en la Comunidad Aut\u00f3noma en la que te encuentres. Como trabajamos &hellip; <\/p>\n","protected":false},"author":1,"featured_media":350,"parent":0,"menu_order":0,"comment_status":"closed","ping_status":"closed","template":"","meta":{"footnotes":""},"class_list":["post-330","page","type-page","status-publish","has-post-thumbnail","hentry"],"yoast_head":"<!-- This site is optimized with the Yoast SEO plugin v27.4 - https:\/\/yoast.com\/product\/yoast-seo-wordpress\/ -->\n<title>ASESOR\u00cdA EN INSPECCIONES -<\/title>\n<meta name=\"robots\" content=\"index, follow, max-snippet:-1, max-image-preview:large, max-video-preview:-1\" \/>\n<link rel=\"canonical\" href=\"https:\/\/gesiresconsulting.com\/?page_id=330\" \/>\n<meta property=\"og:locale\" content=\"es_ES\" \/>\n<meta property=\"og:type\" content=\"article\" \/>\n<meta property=\"og:title\" content=\"ASESOR\u00cdA EN INSPECCIONES -\" \/>\n<meta property=\"og:description\" content=\"A TODO EL MUNDO le van bien las INSPECCIONES hasta que se paran a leer el acta de inspecci\u00f3n con detenimiento&#8230; Este es un tema bastante espinoso, dependiendo tambi\u00e9n en la Comunidad Aut\u00f3noma en la que te encuentres. Como trabajamos &hellip;\" \/>\n<meta property=\"og:url\" content=\"https:\/\/gesiresconsulting.com\/?page_id=330\" \/>\n<meta property=\"article:modified_time\" content=\"2023-12-25T17:46:53+00:00\" \/>\n<meta property=\"og:image\" content=\"https:\/\/gesiresconsulting.com\/wp-content\/uploads\/2023\/12\/Captura-de-pantalla-2023-12-24-a-las-15.45.09.png\" \/>\n\t<meta property=\"og:image:width\" content=\"1058\" \/>\n\t<meta property=\"og:image:height\" content=\"560\" \/>\n\t<meta property=\"og:image:type\" content=\"image\/png\" \/>\n<meta name=\"twitter:card\" content=\"summary_large_image\" \/>\n<meta name=\"twitter:label1\" content=\"Tiempo de lectura\" \/>\n\t<meta name=\"twitter:data1\" content=\"2 minutos\" \/>\n<script type=\"application\/ld+json\" class=\"yoast-schema-graph\">{\"@context\":\"https:\\\/\\\/schema.org\",\"@graph\":[{\"@type\":\"WebPage\",\"@id\":\"https:\\\/\\\/gesiresconsulting.com\\\/?page_id=330\",\"url\":\"https:\\\/\\\/gesiresconsulting.com\\\/?page_id=330\",\"name\":\"ASESOR\u00cdA EN INSPECCIONES -\",\"isPartOf\":{\"@id\":\"https:\\\/\\\/gesiresconsulting.com\\\/#website\"},\"primaryImageOfPage\":{\"@id\":\"https:\\\/\\\/gesiresconsulting.com\\\/?page_id=330#primaryimage\"},\"image\":{\"@id\":\"https:\\\/\\\/gesiresconsulting.com\\\/?page_id=330#primaryimage\"},\"thumbnailUrl\":\"https:\\\/\\\/gesiresconsulting.com\\\/wp-content\\\/uploads\\\/2023\\\/12\\\/Captura-de-pantalla-2023-12-24-a-las-15.45.09.png\",\"datePublished\":\"2023-12-24T14:29:16+00:00\",\"dateModified\":\"2023-12-25T17:46:53+00:00\",\"breadcrumb\":{\"@id\":\"https:\\\/\\\/gesiresconsulting.com\\\/?page_id=330#breadcrumb\"},\"inLanguage\":\"es\",\"potentialAction\":[{\"@type\":\"ReadAction\",\"target\":[\"https:\\\/\\\/gesiresconsulting.com\\\/?page_id=330\"]}]},{\"@type\":\"ImageObject\",\"inLanguage\":\"es\",\"@id\":\"https:\\\/\\\/gesiresconsulting.com\\\/?page_id=330#primaryimage\",\"url\":\"https:\\\/\\\/gesiresconsulting.com\\\/wp-content\\\/uploads\\\/2023\\\/12\\\/Captura-de-pantalla-2023-12-24-a-las-15.45.09.png\",\"contentUrl\":\"https:\\\/\\\/gesiresconsulting.com\\\/wp-content\\\/uploads\\\/2023\\\/12\\\/Captura-de-pantalla-2023-12-24-a-las-15.45.09.png\",\"width\":1058,\"height\":560},{\"@type\":\"BreadcrumbList\",\"@id\":\"https:\\\/\\\/gesiresconsulting.com\\\/?page_id=330#breadcrumb\",\"itemListElement\":[{\"@type\":\"ListItem\",\"position\":1,\"name\":\"Portada\",\"item\":\"https:\\\/\\\/gesiresconsulting.com\\\/\"},{\"@type\":\"ListItem\",\"position\":2,\"name\":\"ASESOR\u00cdA EN INSPECCIONES\"}]},{\"@type\":\"WebSite\",\"@id\":\"https:\\\/\\\/gesiresconsulting.com\\\/#website\",\"url\":\"https:\\\/\\\/gesiresconsulting.com\\\/\",\"name\":\"\",\"description\":\"Asesor\u00eda global para residencias\",\"potentialAction\":[{\"@type\":\"SearchAction\",\"target\":{\"@type\":\"EntryPoint\",\"urlTemplate\":\"https:\\\/\\\/gesiresconsulting.com\\\/?s={search_term_string}\"},\"query-input\":{\"@type\":\"PropertyValueSpecification\",\"valueRequired\":true,\"valueName\":\"search_term_string\"}}],\"inLanguage\":\"es\"}]}<\/script>\n<!-- \/ Yoast SEO plugin. -->","yoast_head_json":{"title":"ASESOR\u00cdA EN INSPECCIONES -","robots":{"index":"index","follow":"follow","max-snippet":"max-snippet:-1","max-image-preview":"max-image-preview:large","max-video-preview":"max-video-preview:-1"},"canonical":"https:\/\/gesiresconsulting.com\/?page_id=330","og_locale":"es_ES","og_type":"article","og_title":"ASESOR\u00cdA EN INSPECCIONES -","og_description":"A TODO EL MUNDO le van bien las INSPECCIONES hasta que se paran a leer el acta de inspecci\u00f3n con detenimiento&#8230; Este es un tema bastante espinoso, dependiendo tambi\u00e9n en la Comunidad Aut\u00f3noma en la que te encuentres. Como trabajamos &hellip;","og_url":"https:\/\/gesiresconsulting.com\/?page_id=330","article_modified_time":"2023-12-25T17:46:53+00:00","og_image":[{"width":1058,"height":560,"url":"https:\/\/gesiresconsulting.com\/wp-content\/uploads\/2023\/12\/Captura-de-pantalla-2023-12-24-a-las-15.45.09.png","type":"image\/png"}],"twitter_card":"summary_large_image","twitter_misc":{"Tiempo de lectura":"2 minutos"},"schema":{"@context":"https:\/\/schema.org","@graph":[{"@type":"WebPage","@id":"https:\/\/gesiresconsulting.com\/?page_id=330","url":"https:\/\/gesiresconsulting.com\/?page_id=330","name":"ASESOR\u00cdA EN INSPECCIONES -","isPartOf":{"@id":"https:\/\/gesiresconsulting.com\/#website"},"primaryImageOfPage":{"@id":"https:\/\/gesiresconsulting.com\/?page_id=330#primaryimage"},"image":{"@id":"https:\/\/gesiresconsulting.com\/?page_id=330#primaryimage"},"thumbnailUrl":"https:\/\/gesiresconsulting.com\/wp-content\/uploads\/2023\/12\/Captura-de-pantalla-2023-12-24-a-las-15.45.09.png","datePublished":"2023-12-24T14:29:16+00:00","dateModified":"2023-12-25T17:46:53+00:00","breadcrumb":{"@id":"https:\/\/gesiresconsulting.com\/?page_id=330#breadcrumb"},"inLanguage":"es","potentialAction":[{"@type":"ReadAction","target":["https:\/\/gesiresconsulting.com\/?page_id=330"]}]},{"@type":"ImageObject","inLanguage":"es","@id":"https:\/\/gesiresconsulting.com\/?page_id=330#primaryimage","url":"https:\/\/gesiresconsulting.com\/wp-content\/uploads\/2023\/12\/Captura-de-pantalla-2023-12-24-a-las-15.45.09.png","contentUrl":"https:\/\/gesiresconsulting.com\/wp-content\/uploads\/2023\/12\/Captura-de-pantalla-2023-12-24-a-las-15.45.09.png","width":1058,"height":560},{"@type":"BreadcrumbList","@id":"https:\/\/gesiresconsulting.com\/?page_id=330#breadcrumb","itemListElement":[{"@type":"ListItem","position":1,"name":"Portada","item":"https:\/\/gesiresconsulting.com\/"},{"@type":"ListItem","position":2,"name":"ASESOR\u00cdA EN INSPECCIONES"}]},{"@type":"WebSite","@id":"https:\/\/gesiresconsulting.com\/#website","url":"https:\/\/gesiresconsulting.com\/","name":"","description":"Asesor\u00eda global para residencias","potentialAction":[{"@type":"SearchAction","target":{"@type":"EntryPoint","urlTemplate":"https:\/\/gesiresconsulting.com\/?s={search_term_string}"},"query-input":{"@type":"PropertyValueSpecification","valueRequired":true,"valueName":"search_term_string"}}],"inLanguage":"es"}]}},"_links":{"self":[{"href":"https:\/\/gesiresconsulting.com\/index.php?rest_route=\/wp\/v2\/pages\/330","targetHints":{"allow":["GET"]}}],"collection":[{"href":"https:\/\/gesiresconsulting.com\/index.php?rest_route=\/wp\/v2\/pages"}],"about":[{"href":"https:\/\/gesiresconsulting.com\/index.php?rest_route=\/wp\/v2\/types\/page"}],"author":[{"embeddable":true,"href":"https:\/\/gesiresconsulting.com\/index.php?rest_route=\/wp\/v2\/users\/1"}],"replies":[{"embeddable":true,"href":"https:\/\/gesiresconsulting.com\/index.php?rest_route=%2Fwp%2Fv2%2Fcomments&post=330"}],"version-history":[{"count":4,"href":"https:\/\/gesiresconsulting.com\/index.php?rest_route=\/wp\/v2\/pages\/330\/revisions"}],"predecessor-version":[{"id":421,"href":"https:\/\/gesiresconsulting.com\/index.php?rest_route=\/wp\/v2\/pages\/330\/revisions\/421"}],"wp:featuredmedia":[{"embeddable":true,"href":"https:\/\/gesiresconsulting.com\/index.php?rest_route=\/wp\/v2\/media\/350"}],"wp:attachment":[{"href":"https:\/\/gesiresconsulting.com\/index.php?rest_route=%2Fwp%2Fv2%2Fmedia&parent=330"}],"curies":[{"name":"wp","href":"https:\/\/api.w.org\/{rel}","templated":true}]}}