{"id":326,"date":"2023-12-24T14:28:31","date_gmt":"2023-12-24T14:28:31","guid":{"rendered":"https:\/\/gesiresconsulting.com\/?page_id=326"},"modified":"2023-12-25T17:48:26","modified_gmt":"2023-12-25T17:48:26","slug":"asesoria-farmacologica","status":"publish","type":"page","link":"https:\/\/gesiresconsulting.com\/?page_id=326","title":{"rendered":"ASESOR\u00cdA FARMACOL\u00d3GICA"},"content":{"rendered":"\n<p>La parte <strong>FARMACOL\u00d3GICA<\/strong> en una residencia, aunque se trata de un <strong>ESTABLECIMIENTO SOCIAL<\/strong>, es del todo esencial.<\/p>\n\n\n\n<p>Muchas veces tienes contratada como proveedor a la <strong>FARMACIA<\/strong> que m\u00e1s cerca tienes de tu Centro, pero podr\u00eda ser que ese negocio local no te estuviese proporcionando la atenci\u00f3n adecuada o el servicio que realmente necesitas. En este sentido, piensa que hay m\u00e1s de 8 formas de <strong>EMBLISTADO<\/strong> en el mercado y posiblemente est\u00e9s todav\u00eda emblistando la medicaci\u00f3n semanal con tu propio personal. Sin duda, esa manera de funcionar hace que est\u00e9s \u00abmalgastando\u00bb esas preciosas horas de personal sanitario que podr\u00eda estar dando una atenci\u00f3n directa de mayor calidad a tus residentes.<\/p>\n\n\n\n<p>Adem\u00e1s, te encuentras con varias situaciones que te <strong>OBLIGAN<\/strong> a dar una<strong> PEOR ATENCI\u00d3N A TUS RESIDENTES<\/strong>:<\/p>\n\n\n\n<p><strong>1.-<\/strong> La Administraci\u00f3n te est\u00e1 <strong>RECORTANDO EN LOS PA\u00d1ALES<\/strong>.<\/p>\n\n\n\n<p><strong>2.-<\/strong> La Administraci\u00f3n te est\u00e1 obligando a usar <strong>GEN\u00c9RICOS<\/strong> en lugar de <strong>MARCAS COMERCIALES<\/strong>.<\/p>\n\n\n\n<p><strong>3.-<\/strong> El profesional m\u00e9dico que debe recetar, no est\u00e1 siendo <strong>\u00c1GIL CON LA RECETA ELECTR\u00d3NICA<\/strong> y, por lo tanto, te est\u00e1 generando una <strong>DEUDA<\/strong> con tu<strong> FARMACIA<\/strong>.<\/p>\n\n\n\n<p><strong>4.-<\/strong> No est\u00e1s teniendo un ADECUADO ASESORAMIENTO en relaci\u00f3n a los 3 puntos anteriores, lo que te genera verdaderos problemas con la Administraci\u00f3n.<\/p>\n\n\n\n<p><strong>5.-<\/strong> No se te facilita el <strong>CONTACTO<\/strong> con las <strong>MARCAS COMERCIALES<\/strong> para que puedan dar <strong>FORMACI\u00d3N<\/strong> a tus trabajadoras.<\/p>\n\n\n\n<p>Todo lo anterior, adem\u00e1s de bastantes detalles de peso a\u00f1adidos, hacen que no est\u00e9s teniendo el asesoramiento adecuado y que no est\u00e9s siendo eficiente en relaci\u00f3n a las necesidades de tus usuarios (pacientes) y que, adem\u00e1s, no puedas beneficiarte de un sector sanitario que pone a tu disposici\u00f3n una serie de herramientas que ahora mismo ni te imaginas que existen.<\/p>\n\n\n\n<p>En este sentido, debes ponerte en contacto con nosotros para que podamos darte esas herramienta y puedas tener una mayor <strong>EFICIENCIA FARMACOL\u00d3GICA<\/strong>.<\/p>\n\n\n\n<div class=\"wp-block-columns is-layout-flex wp-container-core-columns-is-layout-9d6595d7 wp-block-columns-is-layout-flex\">\n<div class=\"wp-block-column is-layout-flow wp-block-column-is-layout-flow\"><\/div>\n\n\n\n<div class=\"wp-block-column is-layout-flow wp-block-column-is-layout-flow\">\n<div class=\"wp-block-buttons is-layout-flex wp-block-buttons-is-layout-flex\">\n<div class=\"wp-block-button\"><a class=\"wp-block-button__link wp-element-button\" href=\"https:\/\/gesiresconsulting.com\/?page_id=127\">Contacta con nosotros<\/a><\/div>\n<\/div>\n<\/div>\n\n\n\n<div class=\"wp-block-column is-layout-flow wp-block-column-is-layout-flow\"><\/div>\n<\/div>\n","protected":false},"excerpt":{"rendered":"<p>La parte FARMACOL\u00d3GICA en una residencia, aunque se trata de un ESTABLECIMIENTO SOCIAL, es del todo esencial. Muchas veces tienes contratada como proveedor a la FARMACIA que m\u00e1s cerca tienes de tu Centro, pero podr\u00eda ser que ese negocio local &hellip; <\/p>\n","protected":false},"author":1,"featured_media":349,"parent":0,"menu_order":0,"comment_status":"closed","ping_status":"closed","template":"","meta":{"footnotes":""},"class_list":["post-326","page","type-page","status-publish","has-post-thumbnail","hentry"],"yoast_head":"<!-- This site is optimized with the Yoast SEO plugin v27.4 - https:\/\/yoast.com\/product\/yoast-seo-wordpress\/ -->\n<title>ASESOR\u00cdA FARMACOL\u00d3GICA -<\/title>\n<meta name=\"robots\" content=\"index, follow, max-snippet:-1, max-image-preview:large, max-video-preview:-1\" \/>\n<link rel=\"canonical\" href=\"https:\/\/gesiresconsulting.com\/?page_id=326\" \/>\n<meta property=\"og:locale\" content=\"es_ES\" \/>\n<meta property=\"og:type\" content=\"article\" \/>\n<meta property=\"og:title\" content=\"ASESOR\u00cdA FARMACOL\u00d3GICA -\" \/>\n<meta property=\"og:description\" content=\"La parte FARMACOL\u00d3GICA en una residencia, aunque se trata de un ESTABLECIMIENTO SOCIAL, es del todo esencial. Muchas veces tienes contratada como proveedor a la FARMACIA que m\u00e1s cerca tienes de tu Centro, pero podr\u00eda ser que ese negocio local &hellip;\" \/>\n<meta property=\"og:url\" content=\"https:\/\/gesiresconsulting.com\/?page_id=326\" \/>\n<meta property=\"article:modified_time\" content=\"2023-12-25T17:48:26+00:00\" \/>\n<meta property=\"og:image\" content=\"https:\/\/gesiresconsulting.com\/wp-content\/uploads\/2023\/12\/Captura-de-pantalla-2023-12-24-a-las-15.42.22.png\" \/>\n\t<meta property=\"og:image:width\" content=\"857\" \/>\n\t<meta property=\"og:image:height\" content=\"569\" \/>\n\t<meta property=\"og:image:type\" content=\"image\/png\" \/>\n<meta name=\"twitter:card\" content=\"summary_large_image\" \/>\n<meta name=\"twitter:label1\" content=\"Tiempo de lectura\" \/>\n\t<meta name=\"twitter:data1\" content=\"2 minutos\" \/>\n<script type=\"application\/ld+json\" class=\"yoast-schema-graph\">{\"@context\":\"https:\\\/\\\/schema.org\",\"@graph\":[{\"@type\":\"WebPage\",\"@id\":\"https:\\\/\\\/gesiresconsulting.com\\\/?page_id=326\",\"url\":\"https:\\\/\\\/gesiresconsulting.com\\\/?page_id=326\",\"name\":\"ASESOR\u00cdA FARMACOL\u00d3GICA -\",\"isPartOf\":{\"@id\":\"https:\\\/\\\/gesiresconsulting.com\\\/#website\"},\"primaryImageOfPage\":{\"@id\":\"https:\\\/\\\/gesiresconsulting.com\\\/?page_id=326#primaryimage\"},\"image\":{\"@id\":\"https:\\\/\\\/gesiresconsulting.com\\\/?page_id=326#primaryimage\"},\"thumbnailUrl\":\"https:\\\/\\\/gesiresconsulting.com\\\/wp-content\\\/uploads\\\/2023\\\/12\\\/Captura-de-pantalla-2023-12-24-a-las-15.42.22.png\",\"datePublished\":\"2023-12-24T14:28:31+00:00\",\"dateModified\":\"2023-12-25T17:48:26+00:00\",\"breadcrumb\":{\"@id\":\"https:\\\/\\\/gesiresconsulting.com\\\/?page_id=326#breadcrumb\"},\"inLanguage\":\"es\",\"potentialAction\":[{\"@type\":\"ReadAction\",\"target\":[\"https:\\\/\\\/gesiresconsulting.com\\\/?page_id=326\"]}]},{\"@type\":\"ImageObject\",\"inLanguage\":\"es\",\"@id\":\"https:\\\/\\\/gesiresconsulting.com\\\/?page_id=326#primaryimage\",\"url\":\"https:\\\/\\\/gesiresconsulting.com\\\/wp-content\\\/uploads\\\/2023\\\/12\\\/Captura-de-pantalla-2023-12-24-a-las-15.42.22.png\",\"contentUrl\":\"https:\\\/\\\/gesiresconsulting.com\\\/wp-content\\\/uploads\\\/2023\\\/12\\\/Captura-de-pantalla-2023-12-24-a-las-15.42.22.png\",\"width\":857,\"height\":569},{\"@type\":\"BreadcrumbList\",\"@id\":\"https:\\\/\\\/gesiresconsulting.com\\\/?page_id=326#breadcrumb\",\"itemListElement\":[{\"@type\":\"ListItem\",\"position\":1,\"name\":\"Portada\",\"item\":\"https:\\\/\\\/gesiresconsulting.com\\\/\"},{\"@type\":\"ListItem\",\"position\":2,\"name\":\"ASESOR\u00cdA FARMACOL\u00d3GICA\"}]},{\"@type\":\"WebSite\",\"@id\":\"https:\\\/\\\/gesiresconsulting.com\\\/#website\",\"url\":\"https:\\\/\\\/gesiresconsulting.com\\\/\",\"name\":\"\",\"description\":\"Asesor\u00eda global para residencias\",\"potentialAction\":[{\"@type\":\"SearchAction\",\"target\":{\"@type\":\"EntryPoint\",\"urlTemplate\":\"https:\\\/\\\/gesiresconsulting.com\\\/?s={search_term_string}\"},\"query-input\":{\"@type\":\"PropertyValueSpecification\",\"valueRequired\":true,\"valueName\":\"search_term_string\"}}],\"inLanguage\":\"es\"}]}<\/script>\n<!-- \/ Yoast SEO plugin. -->","yoast_head_json":{"title":"ASESOR\u00cdA FARMACOL\u00d3GICA -","robots":{"index":"index","follow":"follow","max-snippet":"max-snippet:-1","max-image-preview":"max-image-preview:large","max-video-preview":"max-video-preview:-1"},"canonical":"https:\/\/gesiresconsulting.com\/?page_id=326","og_locale":"es_ES","og_type":"article","og_title":"ASESOR\u00cdA FARMACOL\u00d3GICA -","og_description":"La parte FARMACOL\u00d3GICA en una residencia, aunque se trata de un ESTABLECIMIENTO SOCIAL, es del todo esencial. Muchas veces tienes contratada como proveedor a la FARMACIA que m\u00e1s cerca tienes de tu Centro, pero podr\u00eda ser que ese negocio local &hellip;","og_url":"https:\/\/gesiresconsulting.com\/?page_id=326","article_modified_time":"2023-12-25T17:48:26+00:00","og_image":[{"width":857,"height":569,"url":"https:\/\/gesiresconsulting.com\/wp-content\/uploads\/2023\/12\/Captura-de-pantalla-2023-12-24-a-las-15.42.22.png","type":"image\/png"}],"twitter_card":"summary_large_image","twitter_misc":{"Tiempo de lectura":"2 minutos"},"schema":{"@context":"https:\/\/schema.org","@graph":[{"@type":"WebPage","@id":"https:\/\/gesiresconsulting.com\/?page_id=326","url":"https:\/\/gesiresconsulting.com\/?page_id=326","name":"ASESOR\u00cdA FARMACOL\u00d3GICA -","isPartOf":{"@id":"https:\/\/gesiresconsulting.com\/#website"},"primaryImageOfPage":{"@id":"https:\/\/gesiresconsulting.com\/?page_id=326#primaryimage"},"image":{"@id":"https:\/\/gesiresconsulting.com\/?page_id=326#primaryimage"},"thumbnailUrl":"https:\/\/gesiresconsulting.com\/wp-content\/uploads\/2023\/12\/Captura-de-pantalla-2023-12-24-a-las-15.42.22.png","datePublished":"2023-12-24T14:28:31+00:00","dateModified":"2023-12-25T17:48:26+00:00","breadcrumb":{"@id":"https:\/\/gesiresconsulting.com\/?page_id=326#breadcrumb"},"inLanguage":"es","potentialAction":[{"@type":"ReadAction","target":["https:\/\/gesiresconsulting.com\/?page_id=326"]}]},{"@type":"ImageObject","inLanguage":"es","@id":"https:\/\/gesiresconsulting.com\/?page_id=326#primaryimage","url":"https:\/\/gesiresconsulting.com\/wp-content\/uploads\/2023\/12\/Captura-de-pantalla-2023-12-24-a-las-15.42.22.png","contentUrl":"https:\/\/gesiresconsulting.com\/wp-content\/uploads\/2023\/12\/Captura-de-pantalla-2023-12-24-a-las-15.42.22.png","width":857,"height":569},{"@type":"BreadcrumbList","@id":"https:\/\/gesiresconsulting.com\/?page_id=326#breadcrumb","itemListElement":[{"@type":"ListItem","position":1,"name":"Portada","item":"https:\/\/gesiresconsulting.com\/"},{"@type":"ListItem","position":2,"name":"ASESOR\u00cdA FARMACOL\u00d3GICA"}]},{"@type":"WebSite","@id":"https:\/\/gesiresconsulting.com\/#website","url":"https:\/\/gesiresconsulting.com\/","name":"","description":"Asesor\u00eda global para residencias","potentialAction":[{"@type":"SearchAction","target":{"@type":"EntryPoint","urlTemplate":"https:\/\/gesiresconsulting.com\/?s={search_term_string}"},"query-input":{"@type":"PropertyValueSpecification","valueRequired":true,"valueName":"search_term_string"}}],"inLanguage":"es"}]}},"_links":{"self":[{"href":"https:\/\/gesiresconsulting.com\/index.php?rest_route=\/wp\/v2\/pages\/326","targetHints":{"allow":["GET"]}}],"collection":[{"href":"https:\/\/gesiresconsulting.com\/index.php?rest_route=\/wp\/v2\/pages"}],"about":[{"href":"https:\/\/gesiresconsulting.com\/index.php?rest_route=\/wp\/v2\/types\/page"}],"author":[{"embeddable":true,"href":"https:\/\/gesiresconsulting.com\/index.php?rest_route=\/wp\/v2\/users\/1"}],"replies":[{"embeddable":true,"href":"https:\/\/gesiresconsulting.com\/index.php?rest_route=%2Fwp%2Fv2%2Fcomments&post=326"}],"version-history":[{"count":3,"href":"https:\/\/gesiresconsulting.com\/index.php?rest_route=\/wp\/v2\/pages\/326\/revisions"}],"predecessor-version":[{"id":423,"href":"https:\/\/gesiresconsulting.com\/index.php?rest_route=\/wp\/v2\/pages\/326\/revisions\/423"}],"wp:featuredmedia":[{"embeddable":true,"href":"https:\/\/gesiresconsulting.com\/index.php?rest_route=\/wp\/v2\/media\/349"}],"wp:attachment":[{"href":"https:\/\/gesiresconsulting.com\/index.php?rest_route=%2Fwp%2Fv2%2Fmedia&parent=326"}],"curies":[{"name":"wp","href":"https:\/\/api.w.org\/{rel}","templated":true}]}}