{"id":323,"date":"2023-12-24T14:28:17","date_gmt":"2023-12-24T14:28:17","guid":{"rendered":"https:\/\/gesiresconsulting.com\/?page_id=323"},"modified":"2023-12-25T17:47:36","modified_gmt":"2023-12-25T17:47:36","slug":"asesoria-comercial","status":"publish","type":"page","link":"https:\/\/gesiresconsulting.com\/?page_id=323","title":{"rendered":"ASESOR\u00cdA COMERCIAL"},"content":{"rendered":"\n<p>Normalmente, las <strong>RESIDENCIAS<\/strong> est\u00e1n a a\u00f1os luz del <strong>SECTOR HOTELERO<\/strong> en relaci\u00f3n a la comercializaci\u00f3n de las plazas a la hora de llenar el Centro.<\/p>\n\n\n\n<p>Desde el 2020, la forma de buscar una residencia geri\u00e1trica para un ser querido ha cambiado bastante, porque ya no funcionan las din\u00e1micas anteriores. En este sentido, la manera de buscar un Centro viene dada por los siguientes pasos:<\/p>\n\n\n\n<p>1.- Se hace una <strong>PRIMERA B\u00daSQUEDA<\/strong> en Internet, para ver si el Centro puede llegar a cumplir con las espectativas.<\/p>\n\n\n\n<p>2.- Se valora de manera muy especial los comentarios que puedan haber en la ficha de Google my Business, ya que ah\u00ed se ven los comentarios de clientes que han pasado por el Centro y, sobre todo, las diferentes contestaciones de la Direcci\u00f3n a dichos comentarios.<\/p>\n\n\n\n<p>3.- Se procede a enviar un email o a llamar al Centro para poder agendar una visita f\u00edsica.<\/p>\n\n\n\n<p>Como puedes comprobar, en este contexto, la comercializaci\u00f3n que puedas llevar a cabo de tu centro es esencial, de la misma manera que <strong>EST\u00c1S LEYENDO ESTE TEXTO<\/strong>, porque seguramente te est\u00e1 interesando. Por esta raz\u00f3n, si no est\u00e1s en Internet, de una manera activa y solvente, directamente NO EXISTES&#8230;<\/p>\n\n\n\n<p>Por esta raz\u00f3n, es esencial que hagamos una auditor\u00eda de tu comunicaci\u00f3n externa, c\u00f3mo est\u00e1s llevando a cabo la comercializaci\u00f3n de las <strong>PLAZAS DE TU RESIDENCIA<\/strong> y c\u00f3mo est\u00e1s atendiendo a tus usuarios potenciales.<\/p>\n\n\n\n<p>Por esta raz\u00f3n, debes tener, como m\u00ednimo, una p\u00e1gina web solvente, que ayude a que los clientes potenciales te encuentren a la hora de buscar plaza para su ser querido.<\/p>\n\n\n\n<p>Adem\u00e1s, no te olvides de una famosa frase: \u00ab<em>el mejor lugar para esconder un cad\u00e1ver es la segunda p\u00e1gina de Google&#8230;<\/em>\u00ab<\/p>\n\n\n\n<div class=\"wp-block-columns is-layout-flex wp-container-core-columns-is-layout-9d6595d7 wp-block-columns-is-layout-flex\">\n<div class=\"wp-block-column is-layout-flow wp-block-column-is-layout-flow\"><\/div>\n\n\n\n<div class=\"wp-block-column is-layout-flow wp-block-column-is-layout-flow\">\n<div class=\"wp-block-buttons is-layout-flex wp-block-buttons-is-layout-flex\">\n<div class=\"wp-block-button\"><a class=\"wp-block-button__link wp-element-button\" href=\"https:\/\/gesiresconsulting.com\/?page_id=127\">Contacta con nosotros<\/a><\/div>\n<\/div>\n<\/div>\n\n\n\n<div class=\"wp-block-column is-layout-flow wp-block-column-is-layout-flow\"><\/div>\n<\/div>\n","protected":false},"excerpt":{"rendered":"<p>Normalmente, las RESIDENCIAS est\u00e1n a a\u00f1os luz del SECTOR HOTELERO en relaci\u00f3n a la comercializaci\u00f3n de las plazas a la hora de llenar el Centro. Desde el 2020, la forma de buscar una residencia geri\u00e1trica para un ser querido ha &hellip; <\/p>\n","protected":false},"author":1,"featured_media":373,"parent":0,"menu_order":0,"comment_status":"closed","ping_status":"closed","template":"","meta":{"footnotes":""},"class_list":["post-323","page","type-page","status-publish","has-post-thumbnail","hentry"],"yoast_head":"<!-- This site is optimized with the Yoast SEO plugin v27.4 - https:\/\/yoast.com\/product\/yoast-seo-wordpress\/ -->\n<title>ASESOR\u00cdA COMERCIAL -<\/title>\n<meta name=\"robots\" content=\"index, follow, max-snippet:-1, max-image-preview:large, max-video-preview:-1\" \/>\n<link rel=\"canonical\" href=\"https:\/\/gesiresconsulting.com\/?page_id=323\" \/>\n<meta property=\"og:locale\" content=\"es_ES\" \/>\n<meta property=\"og:type\" content=\"article\" \/>\n<meta property=\"og:title\" content=\"ASESOR\u00cdA COMERCIAL -\" \/>\n<meta property=\"og:description\" content=\"Normalmente, las RESIDENCIAS est\u00e1n a a\u00f1os luz del SECTOR HOTELERO en relaci\u00f3n a la comercializaci\u00f3n de las plazas a la hora de llenar el Centro. Desde el 2020, la forma de buscar una residencia geri\u00e1trica para un ser querido ha &hellip;\" \/>\n<meta property=\"og:url\" content=\"https:\/\/gesiresconsulting.com\/?page_id=323\" \/>\n<meta property=\"article:modified_time\" content=\"2023-12-25T17:47:36+00:00\" \/>\n<meta property=\"og:image\" content=\"https:\/\/gesiresconsulting.com\/wp-content\/uploads\/2023\/12\/Captura-de-pantalla-2023-12-24-a-las-17.07.43.png\" \/>\n\t<meta property=\"og:image:width\" content=\"727\" \/>\n\t<meta property=\"og:image:height\" content=\"462\" \/>\n\t<meta property=\"og:image:type\" content=\"image\/png\" \/>\n<meta name=\"twitter:card\" content=\"summary_large_image\" \/>\n<meta name=\"twitter:label1\" content=\"Tiempo de lectura\" \/>\n\t<meta name=\"twitter:data1\" content=\"2 minutos\" \/>\n<script type=\"application\/ld+json\" class=\"yoast-schema-graph\">{\"@context\":\"https:\\\/\\\/schema.org\",\"@graph\":[{\"@type\":\"WebPage\",\"@id\":\"https:\\\/\\\/gesiresconsulting.com\\\/?page_id=323\",\"url\":\"https:\\\/\\\/gesiresconsulting.com\\\/?page_id=323\",\"name\":\"ASESOR\u00cdA COMERCIAL -\",\"isPartOf\":{\"@id\":\"https:\\\/\\\/gesiresconsulting.com\\\/#website\"},\"primaryImageOfPage\":{\"@id\":\"https:\\\/\\\/gesiresconsulting.com\\\/?page_id=323#primaryimage\"},\"image\":{\"@id\":\"https:\\\/\\\/gesiresconsulting.com\\\/?page_id=323#primaryimage\"},\"thumbnailUrl\":\"https:\\\/\\\/gesiresconsulting.com\\\/wp-content\\\/uploads\\\/2023\\\/12\\\/Captura-de-pantalla-2023-12-24-a-las-17.07.43.png\",\"datePublished\":\"2023-12-24T14:28:17+00:00\",\"dateModified\":\"2023-12-25T17:47:36+00:00\",\"breadcrumb\":{\"@id\":\"https:\\\/\\\/gesiresconsulting.com\\\/?page_id=323#breadcrumb\"},\"inLanguage\":\"es\",\"potentialAction\":[{\"@type\":\"ReadAction\",\"target\":[\"https:\\\/\\\/gesiresconsulting.com\\\/?page_id=323\"]}]},{\"@type\":\"ImageObject\",\"inLanguage\":\"es\",\"@id\":\"https:\\\/\\\/gesiresconsulting.com\\\/?page_id=323#primaryimage\",\"url\":\"https:\\\/\\\/gesiresconsulting.com\\\/wp-content\\\/uploads\\\/2023\\\/12\\\/Captura-de-pantalla-2023-12-24-a-las-17.07.43.png\",\"contentUrl\":\"https:\\\/\\\/gesiresconsulting.com\\\/wp-content\\\/uploads\\\/2023\\\/12\\\/Captura-de-pantalla-2023-12-24-a-las-17.07.43.png\",\"width\":727,\"height\":462},{\"@type\":\"BreadcrumbList\",\"@id\":\"https:\\\/\\\/gesiresconsulting.com\\\/?page_id=323#breadcrumb\",\"itemListElement\":[{\"@type\":\"ListItem\",\"position\":1,\"name\":\"Portada\",\"item\":\"https:\\\/\\\/gesiresconsulting.com\\\/\"},{\"@type\":\"ListItem\",\"position\":2,\"name\":\"ASESOR\u00cdA COMERCIAL\"}]},{\"@type\":\"WebSite\",\"@id\":\"https:\\\/\\\/gesiresconsulting.com\\\/#website\",\"url\":\"https:\\\/\\\/gesiresconsulting.com\\\/\",\"name\":\"\",\"description\":\"Asesor\u00eda global para residencias\",\"potentialAction\":[{\"@type\":\"SearchAction\",\"target\":{\"@type\":\"EntryPoint\",\"urlTemplate\":\"https:\\\/\\\/gesiresconsulting.com\\\/?s={search_term_string}\"},\"query-input\":{\"@type\":\"PropertyValueSpecification\",\"valueRequired\":true,\"valueName\":\"search_term_string\"}}],\"inLanguage\":\"es\"}]}<\/script>\n<!-- \/ Yoast SEO plugin. -->","yoast_head_json":{"title":"ASESOR\u00cdA COMERCIAL -","robots":{"index":"index","follow":"follow","max-snippet":"max-snippet:-1","max-image-preview":"max-image-preview:large","max-video-preview":"max-video-preview:-1"},"canonical":"https:\/\/gesiresconsulting.com\/?page_id=323","og_locale":"es_ES","og_type":"article","og_title":"ASESOR\u00cdA COMERCIAL -","og_description":"Normalmente, las RESIDENCIAS est\u00e1n a a\u00f1os luz del SECTOR HOTELERO en relaci\u00f3n a la comercializaci\u00f3n de las plazas a la hora de llenar el Centro. Desde el 2020, la forma de buscar una residencia geri\u00e1trica para un ser querido ha &hellip;","og_url":"https:\/\/gesiresconsulting.com\/?page_id=323","article_modified_time":"2023-12-25T17:47:36+00:00","og_image":[{"width":727,"height":462,"url":"https:\/\/gesiresconsulting.com\/wp-content\/uploads\/2023\/12\/Captura-de-pantalla-2023-12-24-a-las-17.07.43.png","type":"image\/png"}],"twitter_card":"summary_large_image","twitter_misc":{"Tiempo de lectura":"2 minutos"},"schema":{"@context":"https:\/\/schema.org","@graph":[{"@type":"WebPage","@id":"https:\/\/gesiresconsulting.com\/?page_id=323","url":"https:\/\/gesiresconsulting.com\/?page_id=323","name":"ASESOR\u00cdA COMERCIAL -","isPartOf":{"@id":"https:\/\/gesiresconsulting.com\/#website"},"primaryImageOfPage":{"@id":"https:\/\/gesiresconsulting.com\/?page_id=323#primaryimage"},"image":{"@id":"https:\/\/gesiresconsulting.com\/?page_id=323#primaryimage"},"thumbnailUrl":"https:\/\/gesiresconsulting.com\/wp-content\/uploads\/2023\/12\/Captura-de-pantalla-2023-12-24-a-las-17.07.43.png","datePublished":"2023-12-24T14:28:17+00:00","dateModified":"2023-12-25T17:47:36+00:00","breadcrumb":{"@id":"https:\/\/gesiresconsulting.com\/?page_id=323#breadcrumb"},"inLanguage":"es","potentialAction":[{"@type":"ReadAction","target":["https:\/\/gesiresconsulting.com\/?page_id=323"]}]},{"@type":"ImageObject","inLanguage":"es","@id":"https:\/\/gesiresconsulting.com\/?page_id=323#primaryimage","url":"https:\/\/gesiresconsulting.com\/wp-content\/uploads\/2023\/12\/Captura-de-pantalla-2023-12-24-a-las-17.07.43.png","contentUrl":"https:\/\/gesiresconsulting.com\/wp-content\/uploads\/2023\/12\/Captura-de-pantalla-2023-12-24-a-las-17.07.43.png","width":727,"height":462},{"@type":"BreadcrumbList","@id":"https:\/\/gesiresconsulting.com\/?page_id=323#breadcrumb","itemListElement":[{"@type":"ListItem","position":1,"name":"Portada","item":"https:\/\/gesiresconsulting.com\/"},{"@type":"ListItem","position":2,"name":"ASESOR\u00cdA COMERCIAL"}]},{"@type":"WebSite","@id":"https:\/\/gesiresconsulting.com\/#website","url":"https:\/\/gesiresconsulting.com\/","name":"","description":"Asesor\u00eda global para residencias","potentialAction":[{"@type":"SearchAction","target":{"@type":"EntryPoint","urlTemplate":"https:\/\/gesiresconsulting.com\/?s={search_term_string}"},"query-input":{"@type":"PropertyValueSpecification","valueRequired":true,"valueName":"search_term_string"}}],"inLanguage":"es"}]}},"_links":{"self":[{"href":"https:\/\/gesiresconsulting.com\/index.php?rest_route=\/wp\/v2\/pages\/323","targetHints":{"allow":["GET"]}}],"collection":[{"href":"https:\/\/gesiresconsulting.com\/index.php?rest_route=\/wp\/v2\/pages"}],"about":[{"href":"https:\/\/gesiresconsulting.com\/index.php?rest_route=\/wp\/v2\/types\/page"}],"author":[{"embeddable":true,"href":"https:\/\/gesiresconsulting.com\/index.php?rest_route=\/wp\/v2\/users\/1"}],"replies":[{"embeddable":true,"href":"https:\/\/gesiresconsulting.com\/index.php?rest_route=%2Fwp%2Fv2%2Fcomments&post=323"}],"version-history":[{"count":4,"href":"https:\/\/gesiresconsulting.com\/index.php?rest_route=\/wp\/v2\/pages\/323\/revisions"}],"predecessor-version":[{"id":422,"href":"https:\/\/gesiresconsulting.com\/index.php?rest_route=\/wp\/v2\/pages\/323\/revisions\/422"}],"wp:featuredmedia":[{"embeddable":true,"href":"https:\/\/gesiresconsulting.com\/index.php?rest_route=\/wp\/v2\/media\/373"}],"wp:attachment":[{"href":"https:\/\/gesiresconsulting.com\/index.php?rest_route=%2Fwp%2Fv2%2Fmedia&parent=323"}],"curies":[{"name":"wp","href":"https:\/\/api.w.org\/{rel}","templated":true}]}}