{"id":321,"date":"2023-12-24T14:28:02","date_gmt":"2023-12-24T14:28:02","guid":{"rendered":"https:\/\/gesiresconsulting.com\/?page_id=321"},"modified":"2023-12-25T17:46:17","modified_gmt":"2023-12-25T17:46:17","slug":"asesoria-operativa","status":"publish","type":"page","link":"https:\/\/gesiresconsulting.com\/?page_id=321","title":{"rendered":"ASESOR\u00cdA OPERATIVA"},"content":{"rendered":"<p>En una Residencia Geri\u00e1trica, Centro de D\u00eda o Centro para discapacitados, la base del funcionamiento es el <strong>EQUIPO<\/strong>. Por esa raz\u00f3n, el <strong>FACTOR HUMANO<\/strong> es indisociable a este tipo de negocios.<\/p>\n<p>Realmente, una residencia geri\u00e1trica es un hotel medicalizado, en el cual los hu\u00e9spedes, est\u00e1n durante muchos meses o, incluso, durante muchos a\u00f1os. Por esta raz\u00f3n, suelen darse relaciones a veces complejas entre el personal y los clientes, adem\u00e1s de con mandos intermedios y Direcci\u00f3n o Gerencia.<\/p>\n<p>Ahora bien, aunque tengamos un equipo cohesionado y bien dimensionado, deben cumplir una serie de tareas esenciales para que la informaci\u00f3n est\u00e9 correctamente registrada y podamos gestionar correctamente nuestro Centro.<\/p>\n<p>Elementos fundamentales en cuanto a la gesti\u00f3n, suelen ser el apartado del <strong>personal<\/strong>, el cual puede llegar a suponer casi el <strong>60% de los costes operativos de un Centro<\/strong>. Por esta raz\u00f3n, es fundamental que, en aplicaci\u00f3n del VIII Convenio Colectivo que rige esta actividad (o el Convenio de la CCAA que toque), podamos tener claro hasta d\u00f3nde podemos llegar, cu\u00e1les son las exigencias y c\u00f3mo debemos llevar a cabo el d\u00eda a d\u00eda para que operativamente vaya \u201ctodo sobre ruedas\u201d.<\/p>\n<p>Otro elemento fundamental son las cargas de trabajo y su equilibrado a la hora de adjudicarlas al personal gerocultor, de enfermer\u00eda o auxiliares. No s\u00f3lo debemos fijarnos en el grado de dependencia, sino que debemos valorar cu\u00e1ntas ABVD del residente (Actividades B\u00e1sicas de la Vida Diaria) deben ser asistidas por nuestro personal, ya que no es lo mismo llevarlas a cabo que, simplemente, supervisar.<\/p>\n<p>Por otro lado, es esencial que conozcamos a qu\u00e9 est\u00e1n obligados los diferentes perfiles profesionales que est\u00e1n en un Centro en funci\u00f3n del Convenio. As\u00ed, de esta manera (por ejemplo) el Convenio Colectivo deja claro en su art\u00edculo n\u00ba 17 que las camas de los residentes las deben hacer el personal gerocultor y no el personal de limpieza (adem\u00e1s de haber, en este sentido, una sentencia del Tribunal Supremo).<\/p>\n<p>Nuestra experiencia \u201c<strong>en la trinchera<\/strong>\u201d, es decir, como directores t\u00e9cnicos y gerentes de residencias hace que podamos hablar el mismo idioma que t\u00fa y que, por lo tanto, nuestro asesoramiento sea de calidad y de \u201cdirector a director\u201d.<\/p>\n<p>Por otro lado, la gesti\u00f3n de personal es uno de los aspectos m\u00e1s importantes de una Residencia Geri\u00e1trica o de un Centro de D\u00eda. Esto es as\u00ed porque casi el 60% de tus costes vienen de esta partida y, adem\u00e1s, la selecci\u00f3n de buenos profesionales es cada vez m\u00e1s compleja.<\/p>\n<p>Tenemos m\u00faltiples competidores que pueden ofrecer mejores condiciones salariales (hospitales y centros de \u201csubagudos\u201d), pero podemos ser creativos para ofrecer condiciones interesantes a aquellos profesionales (sobre todo sanitarios) que son m\u00e1s \u201cescurridizos\u201d a la hora de contratar.<\/p>\n<p>Adem\u00e1s, debes cumplir una ratio de atenci\u00f3n directa e indirecta en funci\u00f3n de tu Comunidad Aut\u00f3noma y te podemos ayudar a dimensionar correctamente tu equipo para que la plantilla que tengas est\u00e9 equilibrada en costes, en funci\u00f3n de tu facturaci\u00f3n.<\/p>\n<p>Uno de los puntos \u201ccalientes\u201d suelen ser los<strong> horarios y los incumplimientos de las obligaciones<\/strong> por parte del personal. En este sentido, cuando se entregan los horarios anuales (respetando horas anuales, descansos semanales y m\u00e1ximas jornadas) debemos tener en cuenta que deben cumplir con una serie de requisitos y que hay aspectos con los que debemos tener cuidado. As\u00ed, por ejemplo, el tema de vacaciones y asuntos propios debe gestionarse de una manera precisa para que despu\u00e9s no haya malos entendidos entre empresa y trabajador. En cuanto a los incumplimientos de los trabajadores, debemos tener muy en cuenta que en una Residencia Geri\u00e1trica o Centro de D\u00eda las normas \u201cest\u00e1n claras\u201d, gracias al Convenio Colectivo que rige la actividad. Eso s\u00ed, todo debe estar siempre por escrito\u2026<\/p>\n<p>Por lo anteriormente comentado, si crees que podemos ayudarte a solucionar dudas o a dimensionar correctamente la partida del personal, no dudes en ponerte en contacto con nosotros.<\/p>\n<p>Por eso, si necesitas asesoramiento operativo, no dudes en ponerte en contacto con nosotros.<\/p>\n\n\n<div class=\"wp-block-columns is-layout-flex wp-container-core-columns-is-layout-9d6595d7 wp-block-columns-is-layout-flex\">\n<div class=\"wp-block-column is-layout-flow wp-block-column-is-layout-flow\"><\/div>\n\n\n\n<div class=\"wp-block-column is-layout-flow wp-block-column-is-layout-flow\">\n<div class=\"wp-block-buttons is-layout-flex wp-block-buttons-is-layout-flex\">\n<div class=\"wp-block-button\"><a class=\"wp-block-button__link wp-element-button\" href=\"https:\/\/gesiresconsulting.com\/?page_id=127\">Contacta con nosotros<\/a><\/div>\n<\/div>\n<\/div>\n\n\n\n<div class=\"wp-block-column is-layout-flow wp-block-column-is-layout-flow\"><\/div>\n<\/div>\n","protected":false},"excerpt":{"rendered":"<p>En una Residencia Geri\u00e1trica, Centro de D\u00eda o Centro para discapacitados, la base del funcionamiento es el EQUIPO. Por esa raz\u00f3n, el FACTOR HUMANO es indisociable a este tipo de negocios. Realmente, una residencia geri\u00e1trica es un hotel medicalizado, en &hellip; <\/p>\n","protected":false},"author":1,"featured_media":372,"parent":0,"menu_order":0,"comment_status":"closed","ping_status":"closed","template":"","meta":{"footnotes":""},"class_list":["post-321","page","type-page","status-publish","has-post-thumbnail","hentry"],"yoast_head":"<!-- This site is optimized with the Yoast SEO plugin v27.4 - https:\/\/yoast.com\/product\/yoast-seo-wordpress\/ -->\n<title>ASESOR\u00cdA OPERATIVA -<\/title>\n<meta name=\"robots\" content=\"index, follow, max-snippet:-1, max-image-preview:large, max-video-preview:-1\" \/>\n<link rel=\"canonical\" href=\"https:\/\/gesiresconsulting.com\/?page_id=321\" \/>\n<meta property=\"og:locale\" content=\"es_ES\" \/>\n<meta property=\"og:type\" content=\"article\" \/>\n<meta property=\"og:title\" content=\"ASESOR\u00cdA OPERATIVA -\" \/>\n<meta property=\"og:description\" content=\"En una Residencia Geri\u00e1trica, Centro de D\u00eda o Centro para discapacitados, la base del funcionamiento es el EQUIPO. Por esa raz\u00f3n, el FACTOR HUMANO es indisociable a este tipo de negocios. Realmente, una residencia geri\u00e1trica es un hotel medicalizado, en &hellip;\" \/>\n<meta property=\"og:url\" content=\"https:\/\/gesiresconsulting.com\/?page_id=321\" \/>\n<meta property=\"article:modified_time\" content=\"2023-12-25T17:46:17+00:00\" \/>\n<meta property=\"og:image\" content=\"https:\/\/gesiresconsulting.com\/wp-content\/uploads\/2023\/12\/Captura-de-pantalla-2023-12-24-a-las-17.06.15.png\" \/>\n\t<meta property=\"og:image:width\" content=\"772\" \/>\n\t<meta property=\"og:image:height\" content=\"505\" \/>\n\t<meta property=\"og:image:type\" content=\"image\/png\" \/>\n<meta name=\"twitter:card\" content=\"summary_large_image\" \/>\n<meta name=\"twitter:label1\" content=\"Tiempo de lectura\" \/>\n\t<meta name=\"twitter:data1\" content=\"4 minutos\" \/>\n<script type=\"application\/ld+json\" class=\"yoast-schema-graph\">{\"@context\":\"https:\\\/\\\/schema.org\",\"@graph\":[{\"@type\":\"WebPage\",\"@id\":\"https:\\\/\\\/gesiresconsulting.com\\\/?page_id=321\",\"url\":\"https:\\\/\\\/gesiresconsulting.com\\\/?page_id=321\",\"name\":\"ASESOR\u00cdA OPERATIVA -\",\"isPartOf\":{\"@id\":\"https:\\\/\\\/gesiresconsulting.com\\\/#website\"},\"primaryImageOfPage\":{\"@id\":\"https:\\\/\\\/gesiresconsulting.com\\\/?page_id=321#primaryimage\"},\"image\":{\"@id\":\"https:\\\/\\\/gesiresconsulting.com\\\/?page_id=321#primaryimage\"},\"thumbnailUrl\":\"https:\\\/\\\/gesiresconsulting.com\\\/wp-content\\\/uploads\\\/2023\\\/12\\\/Captura-de-pantalla-2023-12-24-a-las-17.06.15.png\",\"datePublished\":\"2023-12-24T14:28:02+00:00\",\"dateModified\":\"2023-12-25T17:46:17+00:00\",\"breadcrumb\":{\"@id\":\"https:\\\/\\\/gesiresconsulting.com\\\/?page_id=321#breadcrumb\"},\"inLanguage\":\"es\",\"potentialAction\":[{\"@type\":\"ReadAction\",\"target\":[\"https:\\\/\\\/gesiresconsulting.com\\\/?page_id=321\"]}]},{\"@type\":\"ImageObject\",\"inLanguage\":\"es\",\"@id\":\"https:\\\/\\\/gesiresconsulting.com\\\/?page_id=321#primaryimage\",\"url\":\"https:\\\/\\\/gesiresconsulting.com\\\/wp-content\\\/uploads\\\/2023\\\/12\\\/Captura-de-pantalla-2023-12-24-a-las-17.06.15.png\",\"contentUrl\":\"https:\\\/\\\/gesiresconsulting.com\\\/wp-content\\\/uploads\\\/2023\\\/12\\\/Captura-de-pantalla-2023-12-24-a-las-17.06.15.png\",\"width\":772,\"height\":505},{\"@type\":\"BreadcrumbList\",\"@id\":\"https:\\\/\\\/gesiresconsulting.com\\\/?page_id=321#breadcrumb\",\"itemListElement\":[{\"@type\":\"ListItem\",\"position\":1,\"name\":\"Portada\",\"item\":\"https:\\\/\\\/gesiresconsulting.com\\\/\"},{\"@type\":\"ListItem\",\"position\":2,\"name\":\"ASESOR\u00cdA OPERATIVA\"}]},{\"@type\":\"WebSite\",\"@id\":\"https:\\\/\\\/gesiresconsulting.com\\\/#website\",\"url\":\"https:\\\/\\\/gesiresconsulting.com\\\/\",\"name\":\"\",\"description\":\"Asesor\u00eda global para residencias\",\"potentialAction\":[{\"@type\":\"SearchAction\",\"target\":{\"@type\":\"EntryPoint\",\"urlTemplate\":\"https:\\\/\\\/gesiresconsulting.com\\\/?s={search_term_string}\"},\"query-input\":{\"@type\":\"PropertyValueSpecification\",\"valueRequired\":true,\"valueName\":\"search_term_string\"}}],\"inLanguage\":\"es\"}]}<\/script>\n<!-- \/ Yoast SEO plugin. -->","yoast_head_json":{"title":"ASESOR\u00cdA OPERATIVA -","robots":{"index":"index","follow":"follow","max-snippet":"max-snippet:-1","max-image-preview":"max-image-preview:large","max-video-preview":"max-video-preview:-1"},"canonical":"https:\/\/gesiresconsulting.com\/?page_id=321","og_locale":"es_ES","og_type":"article","og_title":"ASESOR\u00cdA OPERATIVA -","og_description":"En una Residencia Geri\u00e1trica, Centro de D\u00eda o Centro para discapacitados, la base del funcionamiento es el EQUIPO. Por esa raz\u00f3n, el FACTOR HUMANO es indisociable a este tipo de negocios. Realmente, una residencia geri\u00e1trica es un hotel medicalizado, en &hellip;","og_url":"https:\/\/gesiresconsulting.com\/?page_id=321","article_modified_time":"2023-12-25T17:46:17+00:00","og_image":[{"width":772,"height":505,"url":"https:\/\/gesiresconsulting.com\/wp-content\/uploads\/2023\/12\/Captura-de-pantalla-2023-12-24-a-las-17.06.15.png","type":"image\/png"}],"twitter_card":"summary_large_image","twitter_misc":{"Tiempo de lectura":"4 minutos"},"schema":{"@context":"https:\/\/schema.org","@graph":[{"@type":"WebPage","@id":"https:\/\/gesiresconsulting.com\/?page_id=321","url":"https:\/\/gesiresconsulting.com\/?page_id=321","name":"ASESOR\u00cdA OPERATIVA -","isPartOf":{"@id":"https:\/\/gesiresconsulting.com\/#website"},"primaryImageOfPage":{"@id":"https:\/\/gesiresconsulting.com\/?page_id=321#primaryimage"},"image":{"@id":"https:\/\/gesiresconsulting.com\/?page_id=321#primaryimage"},"thumbnailUrl":"https:\/\/gesiresconsulting.com\/wp-content\/uploads\/2023\/12\/Captura-de-pantalla-2023-12-24-a-las-17.06.15.png","datePublished":"2023-12-24T14:28:02+00:00","dateModified":"2023-12-25T17:46:17+00:00","breadcrumb":{"@id":"https:\/\/gesiresconsulting.com\/?page_id=321#breadcrumb"},"inLanguage":"es","potentialAction":[{"@type":"ReadAction","target":["https:\/\/gesiresconsulting.com\/?page_id=321"]}]},{"@type":"ImageObject","inLanguage":"es","@id":"https:\/\/gesiresconsulting.com\/?page_id=321#primaryimage","url":"https:\/\/gesiresconsulting.com\/wp-content\/uploads\/2023\/12\/Captura-de-pantalla-2023-12-24-a-las-17.06.15.png","contentUrl":"https:\/\/gesiresconsulting.com\/wp-content\/uploads\/2023\/12\/Captura-de-pantalla-2023-12-24-a-las-17.06.15.png","width":772,"height":505},{"@type":"BreadcrumbList","@id":"https:\/\/gesiresconsulting.com\/?page_id=321#breadcrumb","itemListElement":[{"@type":"ListItem","position":1,"name":"Portada","item":"https:\/\/gesiresconsulting.com\/"},{"@type":"ListItem","position":2,"name":"ASESOR\u00cdA OPERATIVA"}]},{"@type":"WebSite","@id":"https:\/\/gesiresconsulting.com\/#website","url":"https:\/\/gesiresconsulting.com\/","name":"","description":"Asesor\u00eda global para residencias","potentialAction":[{"@type":"SearchAction","target":{"@type":"EntryPoint","urlTemplate":"https:\/\/gesiresconsulting.com\/?s={search_term_string}"},"query-input":{"@type":"PropertyValueSpecification","valueRequired":true,"valueName":"search_term_string"}}],"inLanguage":"es"}]}},"_links":{"self":[{"href":"https:\/\/gesiresconsulting.com\/index.php?rest_route=\/wp\/v2\/pages\/321","targetHints":{"allow":["GET"]}}],"collection":[{"href":"https:\/\/gesiresconsulting.com\/index.php?rest_route=\/wp\/v2\/pages"}],"about":[{"href":"https:\/\/gesiresconsulting.com\/index.php?rest_route=\/wp\/v2\/types\/page"}],"author":[{"embeddable":true,"href":"https:\/\/gesiresconsulting.com\/index.php?rest_route=\/wp\/v2\/users\/1"}],"replies":[{"embeddable":true,"href":"https:\/\/gesiresconsulting.com\/index.php?rest_route=%2Fwp%2Fv2%2Fcomments&post=321"}],"version-history":[{"count":6,"href":"https:\/\/gesiresconsulting.com\/index.php?rest_route=\/wp\/v2\/pages\/321\/revisions"}],"predecessor-version":[{"id":420,"href":"https:\/\/gesiresconsulting.com\/index.php?rest_route=\/wp\/v2\/pages\/321\/revisions\/420"}],"wp:featuredmedia":[{"embeddable":true,"href":"https:\/\/gesiresconsulting.com\/index.php?rest_route=\/wp\/v2\/media\/372"}],"wp:attachment":[{"href":"https:\/\/gesiresconsulting.com\/index.php?rest_route=%2Fwp%2Fv2%2Fmedia&parent=321"}],"curies":[{"name":"wp","href":"https:\/\/api.w.org\/{rel}","templated":true}]}}